{"id":11,"date":"2015-09-27T18:31:06","date_gmt":"2015-09-27T18:31:06","guid":{"rendered":"http:\/\/szessztrading.hu\/?page_id=11"},"modified":"2025-12-13T11:58:44","modified_gmt":"2025-12-13T09:58:44","slug":"kapcsolat","status":"publish","type":"page","link":"http:\/\/szessztrading.hu\/en_GB\/kapcsolat\/","title":{"rendered":"Contact"},"content":{"rendered":"<p><b>SZ and SZ Trading Ltd.<\/b><br \/>\nAddress: 2510 Dorog,<br \/>\nHantken Miksa u. 8-9.<br \/>\nHungary<br \/>\nTel.\/Fax.: <a href=\"tel:003633488073\" target=\"_blank\" rel=\"noopener\">+36\/33\/488-073<\/a><br \/>\nE-mail: <a href=\"mailto:szessztrading@gmail.com\" target=\"_blank\" rel=\"noopener\">szessztrading@gmail.com<\/a><br \/>\nInternet: <a href=\"http:\/\/szessztrading.hu\/en_GB\/\" target=\"_blank\" rel=\"noopener\">www.szessztrading.hu<\/a><\/p>","protected":false},"excerpt":{"rendered":"<p>SZ \u00e9s SZ Trading Kft. C\u00edm: 2510 Dorog, Hantken Miksa u. 8-9. Magyarorsz\u00e1g Tel.\/Fax.: +36\/33\/488-073 E-mail: szessztrading@gmail.com Internet: www.szessztrading.hu<\/p>","protected":false},"author":1,"featured_media":0,"parent":0,"menu_order":0,"comment_status":"closed","ping_status":"closed","template":"","meta":{"footnotes":""},"class_list":["post-11","page","type-page","status-publish","hentry"],"aioseo_notices":[],"_links":{"self":[{"href":"http:\/\/szessztrading.hu\/en_GB\/wp-json\/wp\/v2\/pages\/11","targetHints":{"allow":["GET"]}}],"collection":[{"href":"http:\/\/szessztrading.hu\/en_GB\/wp-json\/wp\/v2\/pages"}],"about":[{"href":"http:\/\/szessztrading.hu\/en_GB\/wp-json\/wp\/v2\/types\/page"}],"author":[{"embeddable":true,"href":"http:\/\/szessztrading.hu\/en_GB\/wp-json\/wp\/v2\/users\/1"}],"replies":[{"embeddable":true,"href":"http:\/\/szessztrading.hu\/en_GB\/wp-json\/wp\/v2\/comments?post=11"}],"version-history":[{"count":6,"href":"http:\/\/szessztrading.hu\/en_GB\/wp-json\/wp\/v2\/pages\/11\/revisions"}],"predecessor-version":[{"id":72,"href":"http:\/\/szessztrading.hu\/en_GB\/wp-json\/wp\/v2\/pages\/11\/revisions\/72"}],"wp:attachment":[{"href":"http:\/\/szessztrading.hu\/en_GB\/wp-json\/wp\/v2\/media?parent=11"}],"curies":[{"name":"word","href":"https:\/\/api.w.org\/{rel}","templated":true}]}}