{"id":7,"date":"2015-09-27T18:29:50","date_gmt":"2015-09-27T18:29:50","guid":{"rendered":"http:\/\/szessztrading.hu\/?page_id=7"},"modified":"2025-12-13T11:10:10","modified_gmt":"2025-12-13T09:10:10","slug":"termekek","status":"publish","type":"page","link":"http:\/\/szessztrading.hu\/en_GB\/termekek\/","title":{"rendered":"Products"},"content":{"rendered":"<h4><strong>Railway rails, sleepers and sleeper couplers (new and used)<\/strong><\/h4>\n<ul>\n<li>\u201eKL\u201d Rail bolt<\/li>\n<li>\u201eRail bolt \u201dC\"<\/li>\n<li>\u201eRail bolt \u201dH\"<\/li>\n<li>\u201eRail bolt \u201dK\"<\/li>\n<li>\u201eRail bolt \u201dV\"<\/li>\n<li>48-49 4-hole strap \/600 mm\/<\/li>\n<li>48-49 6-hole strap \/900 mm\/<\/li>\n<li>Concrete shelter<\/li>\n<li>Wooden railway sleepers \/filled Oak\/ (all sizes)<\/li>\n<li>GEO 22\u00d765<\/li>\n<li>GEO 24\u00d772<\/li>\n<li>Spring bolt 22\u00d7120<\/li>\n<li>Spring bolt 22\u00d7140<\/li>\n<li>Curved strap<\/li>\n<li>KP-3<\/li>\n<li>S-49 Substrate plate 2-hole straight<\/li>\n<li>S-49 Backing plate 4-hole wedge<\/li>\n<li>S-54 Subbase plate 2-hole straight<\/li>\n<li>S-60 Substrate plate 2-hole straight<\/li>\n<li>Burnt disc<\/li>\n<li>SKL-12<\/li>\n<li>SKL-14<\/li>\n<li>SKL-3<\/li>\n<li>Z2\/25 Clamping ring<\/li>\n<li>Z2\/27 Clamping ring<\/li>\n<li>Z3\/25 Clamping ring<br \/>\n<span style=\"color: #ffffff;\">.<\/span><\/li>\n<li>Conversion of plates according to drawing<\/li>\n<\/ul>\n<h4>Fasteners<\/h4>\n<ul>\n<li><strong>See below:<\/strong>\n<ul>\n<li>flat and tree-bound washers<\/li>\n<li>spring washers<\/li>\n<li>I and U washers<\/li>\n<li>sealing and bonding washers<\/li>\n<\/ul>\n<\/li>\n<li><strong>Mothers:<\/strong>\n<ul>\n<li>six-flap, four-flap nuts<\/li>\n<li>self-locking, cracked nuts<\/li>\n<li>high mothers, low mothers<\/li>\n<li>crowned mothers<\/li>\n<li>weld nuts<\/li>\n<li>winged mothers<\/li>\n<li>open and closed tension nuts<\/li>\n<\/ul>\n<\/li>\n<li><strong>Screws:<\/strong>\n<ul>\n<li>hex head screws (DIN 931\/933\/960\/961, DIN 6921)<\/li>\n<li>structural steel bolts (DIN 7990)<\/li>\n<li>hexagon socket head screws ( DIN 912, DIN 7991, ISO 7380)<\/li>\n<li>small metric screws ( DIN 84\/963\/965\/7985)<\/li>\n<li>self-tapping screws (DIN 7981\/7982, DIN 7504, opel screws, eyebolts, sandwich panel screws)<\/li>\n<li>construction and woodworking screws (DIN 571, DIN 603, chipboard and plasterboard screws, wood-metal threaded screws)<\/li>\n<li>worm screws ( DIN 913\/914\/915\/916)<\/li>\n<li>base screws, metal dowels, case anchoring screws<\/li>\n<\/ul>\n<\/li>\n<li>handcuffs<\/li>\n<li>rivets<\/li>\n<li>nails<\/li>\n<li>threaded rod<\/li>\n<li>ace screws<\/li>\n<li>other fasteners<\/li>\n<\/ul>\n<h4>From our products<\/h4>\n<div id=\"kad-wp-gallery56\" class=\"kad-wp-gallery kad-light-wp-gallery clearfix kt-gallery-column-3 rowtight\"><div class=\"tcol-lg-4 tcol-md-4 tcol-sm-4 tcol-xs-6 tcol-ss-12 g_item\"><div class=\"grid_item kad_gallery_fade_in gallery_item\"><a href=\"http:\/\/szessztrading.hu\/wp-content\/uploads\/2015\/09\/lapkilp1.jpg\" data-rel=\"lightbox\" class=\"lightboxhover\"><img loading=\"lazy\" decoding=\"async\" src=\"http:\/\/szessztrading.hu\/wp-content\/uploads\/2015\/09\/lapkilp1.jpg\" width=\"200\" height=\"138\" alt=\"\"  class=\"light-dropshaddow\"\/><\/a><\/div><\/div><div class=\"tcol-lg-4 tcol-md-4 tcol-sm-4 tcol-xs-6 tcol-ss-12 g_item\"><div class=\"grid_item kad_gallery_fade_in gallery_item\"><a href=\"http:\/\/szessztrading.hu\/wp-content\/uploads\/2015\/09\/wkretykolejowe1.jpg\" data-rel=\"lightbox\" class=\"lightboxhover\"><img loading=\"lazy\" decoding=\"async\" src=\"http:\/\/szessztrading.hu\/wp-content\/uploads\/2015\/09\/wkretykolejowe1.jpg\" width=\"200\" height=\"138\" alt=\"\"  class=\"light-dropshaddow\"\/><\/a><\/div><\/div><div class=\"tcol-lg-4 tcol-md-4 tcol-sm-4 tcol-xs-6 tcol-ss-12 g_item\"><div class=\"grid_item kad_gallery_fade_in gallery_item\"><a href=\"http:\/\/szessztrading.hu\/wp-content\/uploads\/2015\/09\/lapkisprezyste4.jpg\" data-rel=\"lightbox\" class=\"lightboxhover\"><img loading=\"lazy\" decoding=\"async\" src=\"http:\/\/szessztrading.hu\/wp-content\/uploads\/2015\/09\/lapkisprezyste4.jpg\" width=\"200\" height=\"138\" alt=\"\"  class=\"light-dropshaddow\"\/><\/a><\/div><\/div><div class=\"tcol-lg-4 tcol-md-4 tcol-sm-4 tcol-xs-6 tcol-ss-12 g_item\"><div class=\"grid_item kad_gallery_fade_in gallery_item\"><a href=\"http:\/\/szessztrading.hu\/wp-content\/uploads\/2015\/09\/lubkikolejowe.jpg\" data-rel=\"lightbox\" class=\"lightboxhover\"><img loading=\"lazy\" decoding=\"async\" src=\"http:\/\/szessztrading.hu\/wp-content\/uploads\/2015\/09\/lubkikolejowe.jpg\" width=\"200\" height=\"138\" alt=\"\"  class=\"light-dropshaddow\"\/><\/a><\/div><\/div><div class=\"tcol-lg-4 tcol-md-4 tcol-sm-4 tcol-xs-6 tcol-ss-12 g_item\"><div class=\"grid_item kad_gallery_fade_in gallery_item\"><a href=\"http:\/\/szessztrading.hu\/wp-content\/uploads\/2015\/09\/pierscienie-sprezyste1.jpg\" data-rel=\"lightbox\" class=\"lightboxhover\"><img loading=\"lazy\" decoding=\"async\" src=\"http:\/\/szessztrading.hu\/wp-content\/uploads\/2015\/09\/pierscienie-sprezyste1.jpg\" width=\"200\" height=\"138\" alt=\"\"  class=\"light-dropshaddow\"\/><\/a><\/div><\/div><div class=\"tcol-lg-4 tcol-md-4 tcol-sm-4 tcol-xs-6 tcol-ss-12 g_item\"><div class=\"grid_item kad_gallery_fade_in gallery_item\"><a href=\"http:\/\/szessztrading.hu\/wp-content\/uploads\/2015\/09\/elementyztworzywsztucznych.jpg\" data-rel=\"lightbox\" class=\"lightboxhover\"><img loading=\"lazy\" decoding=\"async\" src=\"http:\/\/szessztrading.hu\/wp-content\/uploads\/2015\/09\/elementyztworzywsztucznych.jpg\" width=\"500\" height=\"294\" alt=\"\" srcset=\"http:\/\/szessztrading.hu\/wp-content\/uploads\/2015\/09\/elementyztworzywsztucznych.jpg 500w, http:\/\/szessztrading.hu\/wp-content\/uploads\/2015\/09\/elementyztworzywsztucznych-300x176.jpg 300w\" sizes=\"auto, (max-width: 500px) 100vw, 500px\" class=\"light-dropshaddow\"\/><\/a><\/div><\/div><\/div>","protected":false},"excerpt":{"rendered":"<p>Vas\u00fati s\u00ednek, vas\u00fati talpf\u00e1k, vas\u00fati kapcsol\u00f3szerek (\u00faj \u00e9s haszn\u00e1lt egyar\u00e1nt) &#8222;KL&#8221; S\u00edncsavar &#8222;C&#8221; jel\u0171 s\u00edncsavar &#8222;H&#8221; jel\u0171 s\u00edncsavar &#8222;K&#8221; jel\u0171 s\u00edncsavar &#8222;V&#8221; jel\u0171 s\u00edncsavar 48-49 4 lyuk\u00fa heveder \/600 mm\/ 48-49 6 lyuk\u00fa heveder \/900 mm\/ Betonaljak Fa vas\u00fati talpfa &hellip; <a href=\"http:\/\/szessztrading.hu\/en_GB\/termekek\/\">Continued<\/a><\/p>","protected":false},"author":1,"featured_media":0,"parent":0,"menu_order":0,"comment_status":"closed","ping_status":"closed","template":"","meta":{"footnotes":""},"class_list":["post-7","page","type-page","status-publish","hentry"],"aioseo_notices":[],"_links":{"self":[{"href":"http:\/\/szessztrading.hu\/en_GB\/wp-json\/wp\/v2\/pages\/7","targetHints":{"allow":["GET"]}}],"collection":[{"href":"http:\/\/szessztrading.hu\/en_GB\/wp-json\/wp\/v2\/pages"}],"about":[{"href":"http:\/\/szessztrading.hu\/en_GB\/wp-json\/wp\/v2\/types\/page"}],"author":[{"embeddable":true,"href":"http:\/\/szessztrading.hu\/en_GB\/wp-json\/wp\/v2\/users\/1"}],"replies":[{"embeddable":true,"href":"http:\/\/szessztrading.hu\/en_GB\/wp-json\/wp\/v2\/comments?post=7"}],"version-history":[{"count":9,"href":"http:\/\/szessztrading.hu\/en_GB\/wp-json\/wp\/v2\/pages\/7\/revisions"}],"predecessor-version":[{"id":63,"href":"http:\/\/szessztrading.hu\/en_GB\/wp-json\/wp\/v2\/pages\/7\/revisions\/63"}],"wp:attachment":[{"href":"http:\/\/szessztrading.hu\/en_GB\/wp-json\/wp\/v2\/media?parent=7"}],"curies":[{"name":"word","href":"https:\/\/api.w.org\/{rel}","templated":true}]}}