{"id":9,"date":"2015-09-27T18:30:05","date_gmt":"2015-09-27T18:30:05","guid":{"rendered":"http:\/\/szessztrading.hu\/?page_id=9"},"modified":"2025-12-13T11:09:03","modified_gmt":"2025-12-13T09:09:03","slug":"rolunk","status":"publish","type":"page","link":"http:\/\/szessztrading.hu\/en_GB\/rolunk\/","title":{"rendered":"About us"},"content":{"rendered":"<p>Sz and Sz Trading Ltd was founded by Hungarian individuals in 1993. The owner of the company is Tibor Szalkai. The Managing Directors of the Company are Tibor Szalkai and J\u00e1nos T\u0151berling.<\/p>\n<p><strong>The main activities of the Company:<\/strong><\/p>\n<ul>\n<li>fasteners (bolts, nuts, washers, threaded spindles, both copper and acid-resistant)<\/li>\n<li>special fasteners,<\/li>\n<li>railway switches and accessories,<\/li>\n<li>railway rails, both used and new,<\/li>\n<li>distribution of reinforcing steel.<\/li>\n<\/ul>","protected":false},"excerpt":{"rendered":"<p>Az Sz \u00e9s Sz Trading Kft-t magyar mag\u00e1nszem\u00e9lyek alap\u00edtott\u00e1k 1993-ban. A T\u00e1rsas\u00e1g tulajdonosa Szalkai Tibor. A T\u00e1rsas\u00e1g \u00fcgyvezet\u0151 igazgat\u00f3i teend\u0151it Szalkai Tibor \u00e9s T\u0151berling J\u00e1nos l\u00e1tja el. A T\u00e1rsas\u00e1g fontosabb tev\u00e9kenys\u00e9ge: k\u00f6t\u0151elemek (csavarok, any\u00e1k, al\u00e1t\u00e9tek, menetes ors\u00f3k, r\u00e9z \u00e9s sav\u00e1ll\u00f3 &hellip; <a href=\"http:\/\/szessztrading.hu\/en_GB\/rolunk\/\">Continued<\/a><\/p>","protected":false},"author":1,"featured_media":0,"parent":0,"menu_order":0,"comment_status":"closed","ping_status":"closed","template":"","meta":{"footnotes":""},"class_list":["post-9","page","type-page","status-publish","hentry"],"aioseo_notices":[],"_links":{"self":[{"href":"http:\/\/szessztrading.hu\/en_GB\/wp-json\/wp\/v2\/pages\/9","targetHints":{"allow":["GET"]}}],"collection":[{"href":"http:\/\/szessztrading.hu\/en_GB\/wp-json\/wp\/v2\/pages"}],"about":[{"href":"http:\/\/szessztrading.hu\/en_GB\/wp-json\/wp\/v2\/types\/page"}],"author":[{"embeddable":true,"href":"http:\/\/szessztrading.hu\/en_GB\/wp-json\/wp\/v2\/users\/1"}],"replies":[{"embeddable":true,"href":"http:\/\/szessztrading.hu\/en_GB\/wp-json\/wp\/v2\/comments?post=9"}],"version-history":[{"count":5,"href":"http:\/\/szessztrading.hu\/en_GB\/wp-json\/wp\/v2\/pages\/9\/revisions"}],"predecessor-version":[{"id":62,"href":"http:\/\/szessztrading.hu\/en_GB\/wp-json\/wp\/v2\/pages\/9\/revisions\/62"}],"wp:attachment":[{"href":"http:\/\/szessztrading.hu\/en_GB\/wp-json\/wp\/v2\/media?parent=9"}],"curies":[{"name":"word","href":"https:\/\/api.w.org\/{rel}","templated":true}]}}